{"id":426,"date":"2025-01-08T13:50:55","date_gmt":"2025-01-08T12:50:55","guid":{"rendered":"https:\/\/abdellawi.com\/?post_type=product&#038;p=426"},"modified":"2025-01-08T13:50:55","modified_gmt":"2025-01-08T12:50:55","slug":"group-electrogen-honda","status":"publish","type":"product","link":"https:\/\/abdellawitn.com\/?product=group-electrogen-honda","title":{"rendered":"GROUP ELECTROGEN HONDA"},"content":{"rendered":"<p>Les groupes \u00e9lectrog\u00e8nes Honda sont des g\u00e9n\u00e9rateurs portables ou stationnaires, r\u00e9put\u00e9s pour leur fiabilit\u00e9, leur performance et leur durabilit\u00e9. Ces groupes \u00e9lectrog\u00e8nes sont utilis\u00e9s dans une vari\u00e9t\u00e9 d&rsquo;applications, que ce soit pour des usages domestiques, professionnels, ou industriels.<\/p>\n<p>Caract\u00e9ristiques des groupes \u00e9lectrog\u00e8nes Honda :<br \/>\nMoteur Honda :<\/p>\n<p>Les groupes \u00e9lectrog\u00e8nes Honda sont \u00e9quip\u00e9s de moteurs Honda GX, qui sont connus pour leur puissance, leur faible consommation de carburant et leur facilit\u00e9 d&rsquo;entretien.<br \/>\nIls utilisent des moteurs \u00e0 4 temps, qui sont plus efficaces et moins polluants que les moteurs \u00e0 2 temps.<br \/>\nCapacit\u00e9 et puissance :<\/p>\n<p>Honda propose des groupes \u00e9lectrog\u00e8nes allant de petites unit\u00e9s portables, id\u00e9ales pour des appareils domestiques (1 kVA \u00e0 5 kVA), jusqu&rsquo;\u00e0 des mod\u00e8les plus puissants, utilis\u00e9s dans des environnements industriels ou professionnels (plus de 10 kVA).<br \/>\nCes g\u00e9n\u00e9rateurs sont capables de fournir une alimentation stable pour des \u00e9quipements tels que des outils \u00e9lectriques, des appareils de camping, des syst\u00e8mes de secours, etc.<br \/>\nTechnologie Inverter :<\/p>\n<p>Certains mod\u00e8les sont \u00e9quip\u00e9s de technologie Inverter, ce qui permet de produire une \u00e9nergie propre et stable, id\u00e9ale pour des appareils sensibles comme les ordinateurs, les t\u00e9l\u00e9viseurs et autres \u00e9quipements \u00e9lectroniques.<br \/>\nLes g\u00e9n\u00e9rateurs inverter sont \u00e9galement plus silencieux et plus compacts.<br \/>\nConsommation de carburant :<\/p>\n<p>Les moteurs Honda sont r\u00e9put\u00e9s pour leur faible consommation de carburant, offrant une autonomie \u00e9lev\u00e9e pour une quantit\u00e9 de carburant donn\u00e9e.<br \/>\nCertains mod\u00e8les disposent de r\u00e9servoirs assez grands, permettant de faire fonctionner l&rsquo;appareil pendant plusieurs heures sans avoir \u00e0 refaire le plein.<br \/>\nProtection et s\u00e9curit\u00e9 :<\/p>\n<p>Protection contre la surcharge : Les groupes \u00e9lectrog\u00e8nes Honda sont \u00e9quip\u00e9s d&rsquo;un syst\u00e8me de s\u00e9curit\u00e9 qui arr\u00eate le moteur en cas de surcharge, pr\u00e9venant ainsi des dommages.<br \/>\nSyst\u00e8me de protection de bas niveau d&rsquo;huile : Si le niveau d&rsquo;huile est trop bas, le moteur s&rsquo;arr\u00eate automatiquement pour \u00e9viter d&rsquo;endommager le moteur.<br \/>\nCertains mod\u00e8les sont \u00e9galement dot\u00e9s de dispositifs anti-vibrations et de syst\u00e8mes d&rsquo;amortissement du bruit, garantissant une utilisation plus confortable et plus silencieuse.<\/p>\n","protected":false},"excerpt":{"rendered":"<p>Les groupes \u00e9lectrog\u00e8nes Honda sont des g\u00e9n\u00e9rateurs portables ou stationnaires, r\u00e9put\u00e9s pour leur fiabilit\u00e9, leur performance et leur durabilit\u00e9. Ces groupes \u00e9lectrog\u00e8nes sont utilis\u00e9s dans une vari\u00e9t\u00e9 d&rsquo;applications, que ce soit pour des usages domestiques, professionnels, ou industriels.<\/p>\n","protected":false},"featured_media":427,"comment_status":"open","ping_status":"closed","template":"","meta":[],"product_cat":[22],"product_tag":[],"class_list":{"0":"post-426","1":"product","2":"type-product","3":"status-publish","4":"has-post-thumbnail","6":"product_cat-group-electrogen","8":"first","9":"instock","10":"shipping-taxable","11":"product-type-simple"},"jetpack_sharing_enabled":true,"_links":{"self":[{"href":"https:\/\/abdellawitn.com\/index.php?rest_route=\/wp\/v2\/product\/426","targetHints":{"allow":["GET"]}}],"collection":[{"href":"https:\/\/abdellawitn.com\/index.php?rest_route=\/wp\/v2\/product"}],"about":[{"href":"https:\/\/abdellawitn.com\/index.php?rest_route=\/wp\/v2\/types\/product"}],"replies":[{"embeddable":true,"href":"https:\/\/abdellawitn.com\/index.php?rest_route=%2Fwp%2Fv2%2Fcomments&post=426"}],"wp:featuredmedia":[{"embeddable":true,"href":"https:\/\/abdellawitn.com\/index.php?rest_route=\/wp\/v2\/media\/427"}],"wp:attachment":[{"href":"https:\/\/abdellawitn.com\/index.php?rest_route=%2Fwp%2Fv2%2Fmedia&parent=426"}],"wp:term":[{"taxonomy":"product_cat","embeddable":true,"href":"https:\/\/abdellawitn.com\/index.php?rest_route=%2Fwp%2Fv2%2Fproduct_cat&post=426"},{"taxonomy":"product_tag","embeddable":true,"href":"https:\/\/abdellawitn.com\/index.php?rest_route=%2Fwp%2Fv2%2Fproduct_tag&post=426"}],"curies":[{"name":"wp","href":"https:\/\/api.w.org\/{rel}","templated":true}]}}