{"id":420,"date":"2025-01-08T13:32:33","date_gmt":"2025-01-08T12:32:33","guid":{"rendered":"https:\/\/abdellawi.com\/?post_type=product&#038;p=420"},"modified":"2025-01-08T13:43:55","modified_gmt":"2025-01-08T12:43:55","slug":"pompe-immergee-coverco","status":"publish","type":"product","link":"https:\/\/abdellawitn.com\/?product=pompe-immergee-coverco","title":{"rendered":"Pompe immerg\u00e9e COVERCO"},"content":{"rendered":"<p>Les pompes immerg\u00e9es COVERCO sont des pompes submersibles utilis\u00e9es pour diverses applications, telles que l&rsquo;irrigation, le pompage d&rsquo;eau potable, le drainage ou l&rsquo;\u00e9vacuation des eaux us\u00e9es. Elles sont con\u00e7ues pour fonctionner compl\u00e8tement immerg\u00e9es dans l&rsquo;eau et sont donc particuli\u00e8rement efficaces pour des environnements o\u00f9 l&rsquo;acc\u00e8s \u00e0 l&rsquo;eau est difficile.<\/p>\n<p>Caract\u00e9ristiques des pompes immerg\u00e9es COVERCO :<br \/>\nConception :<\/p>\n<p>Structure robuste : Les pompes sont fabriqu\u00e9es avec des mat\u00e9riaux r\u00e9sistants \u00e0 la corrosion, comme l&rsquo;acier inoxydable, garantissant une longue dur\u00e9e de vie, m\u00eame en milieu humide.<br \/>\nMoteur submersible : Le moteur est scell\u00e9 et prot\u00e9g\u00e9 contre l&rsquo;eau et l&rsquo;humidit\u00e9 pour \u00e9viter tout dommage. Il est g\u00e9n\u00e9ralement refroidi par le liquide qu&rsquo;il pompe.<br \/>\nApplications :<\/p>\n<p>Irrigation : Utilis\u00e9e dans les syst\u00e8mes d&rsquo;irrigation pour acheminer l&rsquo;eau des puits ou des r\u00e9servoirs vers les cultures.<br \/>\nSyst\u00e8mes de drainage : Pour l&rsquo;\u00e9vacuation des eaux stagnantes ou des eaux us\u00e9es dans des zones industrielles ou domestiques.<br \/>\nPuits profonds : Utilis\u00e9e dans des puits de grande profondeur o\u00f9 il n&rsquo;est pas possible d&rsquo;installer une pompe classique.<br \/>\nApprovisionnement en eau potable : Pour puiser de l&rsquo;eau propre dans des forages ou des r\u00e9servoirs souterrains.<br \/>\nTypes de pompes immerg\u00e9es COVERCO :<\/p>\n<p>Pompes pour eaux propres : Utilis\u00e9es pour l&rsquo;aspiration d&rsquo;eau de sources sans d\u00e9bris ou solides.<br \/>\nPompes pour eaux us\u00e9es : Con\u00e7ues pour g\u00e9rer l&rsquo;eau contenant des impuret\u00e9s, des d\u00e9bris solides et d&rsquo;autres particules.<br \/>\nPuissance et capacit\u00e9 :<\/p>\n<p>Les pompes immerg\u00e9es COVERCO sont disponibles dans une large gamme de puissances et de d\u00e9bits, adapt\u00e9es aux besoins sp\u00e9cifiques de l&rsquo;utilisateur.<br \/>\nElles peuvent fonctionner \u00e0 des profondeurs importantes (jusqu&rsquo;\u00e0 150-200 m\u00e8tres selon le mod\u00e8le).<br \/>\nSyst\u00e8me de protection :<\/p>\n<p>Protection thermique contre les surchauffes.<br \/>\nProtection contre les d\u00e9faillances \u00e9lectriques et les courts-circuits.<br \/>\nEnroulement \u00e9tanche pour prot\u00e9ger le moteur et les composants \u00e9lectriques de l&rsquo;humidit\u00e9.<\/p>\n","protected":false},"excerpt":{"rendered":"<p>Les pompes immerg\u00e9es COVERCO sont des pompes submersibles utilis\u00e9es pour diverses applications, telles que l&rsquo;irrigation, le pompage d&rsquo;eau potable, le drainage ou l&rsquo;\u00e9vacuation des eaux us\u00e9es. Elles sont con\u00e7ues pour fonctionner compl\u00e8tement immerg\u00e9es dans l&rsquo;eau et sont donc particuli\u00e8rement efficaces pour des environnements o\u00f9 l&rsquo;acc\u00e8s \u00e0 l&rsquo;eau est difficile.<\/p>\n","protected":false},"featured_media":421,"comment_status":"open","ping_status":"closed","template":"","meta":[],"product_brand":[],"product_cat":[21],"product_tag":[],"class_list":{"0":"post-420","1":"product","2":"type-product","3":"status-publish","4":"has-post-thumbnail","6":"product_cat-pompe-immergee","8":"first","9":"instock","10":"shipping-taxable","11":"product-type-simple"},"jetpack_sharing_enabled":true,"_links":{"self":[{"href":"https:\/\/abdellawitn.com\/index.php?rest_route=\/wp\/v2\/product\/420","targetHints":{"allow":["GET"]}}],"collection":[{"href":"https:\/\/abdellawitn.com\/index.php?rest_route=\/wp\/v2\/product"}],"about":[{"href":"https:\/\/abdellawitn.com\/index.php?rest_route=\/wp\/v2\/types\/product"}],"replies":[{"embeddable":true,"href":"https:\/\/abdellawitn.com\/index.php?rest_route=%2Fwp%2Fv2%2Fcomments&post=420"}],"wp:featuredmedia":[{"embeddable":true,"href":"https:\/\/abdellawitn.com\/index.php?rest_route=\/wp\/v2\/media\/421"}],"wp:attachment":[{"href":"https:\/\/abdellawitn.com\/index.php?rest_route=%2Fwp%2Fv2%2Fmedia&parent=420"}],"wp:term":[{"taxonomy":"product_brand","embeddable":true,"href":"https:\/\/abdellawitn.com\/index.php?rest_route=%2Fwp%2Fv2%2Fproduct_brand&post=420"},{"taxonomy":"product_cat","embeddable":true,"href":"https:\/\/abdellawitn.com\/index.php?rest_route=%2Fwp%2Fv2%2Fproduct_cat&post=420"},{"taxonomy":"product_tag","embeddable":true,"href":"https:\/\/abdellawitn.com\/index.php?rest_route=%2Fwp%2Fv2%2Fproduct_tag&post=420"}],"curies":[{"name":"wp","href":"https:\/\/api.w.org\/{rel}","templated":true}]}}