{"id":410,"date":"2025-01-08T12:52:55","date_gmt":"2025-01-08T11:52:55","guid":{"rendered":"https:\/\/abdellawi.com\/?post_type=product&#038;p=410"},"modified":"2025-01-08T12:52:55","modified_gmt":"2025-01-08T11:52:55","slug":"condonsateur","status":"publish","type":"product","link":"https:\/\/abdellawitn.com\/?product=condonsateur","title":{"rendered":"CONDONSATEUR"},"content":{"rendered":"<p>st un composant \u00e9lectronique qui stocke de l&rsquo;\u00e9nergie \u00e9lectrique sous forme de champ \u00e9lectrique. Il est constitu\u00e9 de deux plaques conductrices s\u00e9par\u00e9es par un isolant appel\u00e9 <strong>di\u00e9lectrique<\/strong>.<\/p>\n<h3>Principales caract\u00e9ristiques :<\/h3>\n<ul>\n<li><strong>Capacit\u00e9 (C)<\/strong> : Mesur\u00e9e en farads (F), elle indique la quantit\u00e9 d&rsquo;\u00e9nergie que le condensateur peut stocker.<\/li>\n<li><strong>Tension nominale<\/strong> : La tension maximale que le condensateur peut supporter sans risque de d\u00e9gradation.<\/li>\n<li><strong>Type de di\u00e9lectrique<\/strong> : Papier, c\u00e9ramique, mica, polyester, \u00e9lectrolytique, etc., selon l&rsquo;application.<\/li>\n<\/ul>\n<h3>Fonctions principales :<\/h3>\n<ol>\n<li><strong>Stockage d&rsquo;\u00e9nergie<\/strong> : Sert de r\u00e9serve d&rsquo;\u00e9nergie dans les circuits \u00e9lectriques.<\/li>\n<li><strong>Filtrage<\/strong> : \u00c9limine les ondulations de courant ou tensions dans les circuits (comme en alimentation).<\/li>\n<li><strong>Couplage\/D\u00e9couplage<\/strong> : Transmet des signaux alternatifs ou bloque les signaux continus.<\/li>\n<li><strong>R\u00e9gulation de fr\u00e9quence<\/strong> : Utilis\u00e9 dans les circuits oscillants et les filtres.<\/li>\n<\/ol>\n","protected":false},"excerpt":{"rendered":"<p>st un composant \u00e9lectronique qui stocke de l&rsquo;\u00e9nergie \u00e9lectrique sous forme de champ \u00e9lectrique. Il est constitu\u00e9 de deux plaques conductrices s\u00e9par\u00e9es par un isolant appel\u00e9 <strong>di\u00e9lectrique<\/strong>.<\/p>\n","protected":false},"featured_media":408,"comment_status":"open","ping_status":"closed","template":"","meta":[],"product_cat":[18],"product_tag":[],"class_list":{"0":"post-410","1":"product","2":"type-product","3":"status-publish","4":"has-post-thumbnail","6":"product_cat-partie-electrique","8":"first","9":"instock","10":"shipping-taxable","11":"product-type-simple"},"jetpack_sharing_enabled":true,"_links":{"self":[{"href":"https:\/\/abdellawitn.com\/index.php?rest_route=\/wp\/v2\/product\/410","targetHints":{"allow":["GET"]}}],"collection":[{"href":"https:\/\/abdellawitn.com\/index.php?rest_route=\/wp\/v2\/product"}],"about":[{"href":"https:\/\/abdellawitn.com\/index.php?rest_route=\/wp\/v2\/types\/product"}],"replies":[{"embeddable":true,"href":"https:\/\/abdellawitn.com\/index.php?rest_route=%2Fwp%2Fv2%2Fcomments&post=410"}],"wp:featuredmedia":[{"embeddable":true,"href":"https:\/\/abdellawitn.com\/index.php?rest_route=\/wp\/v2\/media\/408"}],"wp:attachment":[{"href":"https:\/\/abdellawitn.com\/index.php?rest_route=%2Fwp%2Fv2%2Fmedia&parent=410"}],"wp:term":[{"taxonomy":"product_cat","embeddable":true,"href":"https:\/\/abdellawitn.com\/index.php?rest_route=%2Fwp%2Fv2%2Fproduct_cat&post=410"},{"taxonomy":"product_tag","embeddable":true,"href":"https:\/\/abdellawitn.com\/index.php?rest_route=%2Fwp%2Fv2%2Fproduct_tag&post=410"}],"curies":[{"name":"wp","href":"https:\/\/api.w.org\/{rel}","templated":true}]}}