{"id":302,"date":"2025-01-06T12:33:46","date_gmt":"2025-01-06T11:33:46","guid":{"rendered":"https:\/\/abdellawi.com\/?post_type=product&#038;p=302"},"modified":"2025-01-06T12:33:46","modified_gmt":"2025-01-06T11:33:46","slug":"alternateur","status":"publish","type":"product","link":"https:\/\/abdellawitn.com\/?product=alternateur","title":{"rendered":"ALTERNATEUR"},"content":{"rendered":"<p>1. G\u00e9n\u00e9rateur de moteur synchrone: Le produit dispose d&rsquo;un g\u00e9n\u00e9rateur de moteur synchrone 100% en fil de cuivre 3000 tr\/min 3600 tr\/min avec un AVR, fournissant une source d&rsquo;alimentation fiable et efficace.<\/p>\n<p>2. Puissance de sortie r\u00e9glable: la puissance de sortie nominale AC varie de 2.0 \u00e0 5,0 kW, avec une puissance de sortie maximale allant jusqu&rsquo;\u00e0 2.5 \u00e0 5,5 kW, r\u00e9pondant \u00e0 diverses exigences de puissance.<\/p>\n<p>3. Compatibilit\u00e9 double tension: le g\u00e9n\u00e9rateur AC est compatible avec des tensions allant de 110 \u00e0 240V, ce qui le rend adapt\u00e9 \u00e0 une utilisation internationale.<\/p>\n<p>4. Application polyvalente: Convenablement con\u00e7u pour l&rsquo;installation avec des moteurs diesel ou \u00e0 essence, le g\u00e9n\u00e9rateur fonctionne bien dans les syst\u00e8mes monophas\u00e9s et triphas\u00e9s.<\/p>\n<p>5. S\u00e9curit\u00e9 et durabilit\u00e9: le g\u00e9n\u00e9rateur adh\u00e8re aux normes internationales de s\u00e9curit\u00e9 et de qualit\u00e9, certifi\u00e9es CE, ISO et TUV. Fabriqu\u00e9 avec des mat\u00e9riaux de haute qualit\u00e9 comme l&rsquo;alliage d&rsquo;aluminium et le cuivre, le produit assure la long\u00e9vit\u00e9 et la fiabilit\u00e9.<\/p>\n","protected":false},"excerpt":{"rendered":"<p>1. G\u00e9n\u00e9rateur de moteur synchrone: Le produit dispose d&rsquo;un g\u00e9n\u00e9rateur de moteur synchrone 100% en fil de cuivre 3000 tr\/min 3600 tr\/min avec un AVR, fournissant une source d&rsquo;alimentation fiable et efficace.<\/p>\n<p>2. Puissance de sortie r\u00e9glable: la puissance de sortie nominale AC varie de 2.0 \u00e0 5,0 kW, avec une puissance de sortie maximale allant jusqu&rsquo;\u00e0 2.5 \u00e0 5,5 kW, r\u00e9pondant \u00e0 diverses exigences de puissance.<\/p>\n<p>3. Compatibilit\u00e9 double tension: le g\u00e9n\u00e9rateur AC est compatible avec des tensions allant de 110 \u00e0 240V, ce qui le rend adapt\u00e9 \u00e0 une utilisation internationale.<\/p>\n<p>4. Application polyvalente: Convenablement con\u00e7u pour l&rsquo;installation avec des moteurs diesel ou \u00e0 essence, le g\u00e9n\u00e9rateur fonctionne bien dans les syst\u00e8mes monophas\u00e9s et triphas\u00e9s.<\/p>\n<p>5. S\u00e9curit\u00e9 et durabilit\u00e9: le g\u00e9n\u00e9rateur adh\u00e8re aux normes internationales de s\u00e9curit\u00e9 et de qualit\u00e9, certifi\u00e9es CE, ISO et TUV. Fabriqu\u00e9 avec des mat\u00e9riaux de haute qualit\u00e9 comme l&rsquo;alliage d&rsquo;aluminium et le cuivre, le produit assure la long\u00e9vit\u00e9 et la fiabilit\u00e9.<\/p>\n","protected":false},"featured_media":330,"comment_status":"open","ping_status":"closed","template":"","meta":[],"product_cat":[18],"product_tag":[],"class_list":{"0":"post-302","1":"product","2":"type-product","3":"status-publish","4":"has-post-thumbnail","6":"product_cat-partie-electrique","8":"first","9":"instock","10":"shipping-taxable","11":"product-type-simple"},"jetpack_sharing_enabled":true,"_links":{"self":[{"href":"https:\/\/abdellawitn.com\/index.php?rest_route=\/wp\/v2\/product\/302","targetHints":{"allow":["GET"]}}],"collection":[{"href":"https:\/\/abdellawitn.com\/index.php?rest_route=\/wp\/v2\/product"}],"about":[{"href":"https:\/\/abdellawitn.com\/index.php?rest_route=\/wp\/v2\/types\/product"}],"replies":[{"embeddable":true,"href":"https:\/\/abdellawitn.com\/index.php?rest_route=%2Fwp%2Fv2%2Fcomments&post=302"}],"wp:featuredmedia":[{"embeddable":true,"href":"https:\/\/abdellawitn.com\/index.php?rest_route=\/wp\/v2\/media\/330"}],"wp:attachment":[{"href":"https:\/\/abdellawitn.com\/index.php?rest_route=%2Fwp%2Fv2%2Fmedia&parent=302"}],"wp:term":[{"taxonomy":"product_cat","embeddable":true,"href":"https:\/\/abdellawitn.com\/index.php?rest_route=%2Fwp%2Fv2%2Fproduct_cat&post=302"},{"taxonomy":"product_tag","embeddable":true,"href":"https:\/\/abdellawitn.com\/index.php?rest_route=%2Fwp%2Fv2%2Fproduct_tag&post=302"}],"curies":[{"name":"wp","href":"https:\/\/api.w.org\/{rel}","templated":true}]}}